{"id":2997,"date":"2021-01-08T11:40:03","date_gmt":"2021-01-08T11:40:03","guid":{"rendered":"https:\/\/orgamebo.nl\/?page_id=2997"},"modified":"2024-03-26T13:27:02","modified_gmt":"2024-03-26T13:27:02","slug":"datenschutzerklaerung","status":"publish","type":"page","link":"https:\/\/orgamebo.nl\/de\/datenschutzerklaerung\/","title":{"rendered":"Datenschutzerkl\u00e4rung"},"content":{"rendered":"\n<div class=\"wp-block-stackable-heading stk-block-heading stk-block-heading--v2 stk-block stk-ce99ffa\" id=\"strong-datenschutzerklarung-strong\" data-block-id=\"ce99ffa\"><style>.stk-ce99ffa{margin-bottom:34px !important}<\/style><h2 class=\"stk-block-heading__text stk-block-heading--use-theme-margins\"><strong>Datenschutzerkl\u00e4rung<\/strong><\/h2><\/div>\n\n\n\n<p>Orgamebo BV mit Gesch\u00e4ftssitz in der Burensestraat 2 in 4016CZ Kapel-Avezaath (Niederlande) ist f\u00fcr die Verarbeitung personenbezogener Daten, so wie es in dieser Datenschutzerkl\u00e4rung genannt wird, verantwortlich.<\/p>\n\n\n\n<p><strong>Kontaktdaten:<\/strong><\/p>\n\n\n\n<p>Burensestraat 2, NL \u2013 4016CZ Kapel-Avezaath<br>+31 344 645 528<br>Orgamebo ist der Datenschutzbeauftragte von Orgamebo BV. Er\/sie ist per E-Mail unter folgender Adresse zu erreichen: info@orgamebo.nl<\/p>\n\n\n\n<h3 class=\"wp-block-heading\"><strong>Von uns verarbeitete personenbezogene Daten<\/strong><\/h3>\n\n\n\n<p>Orgamebo BV verarbeitet Ihre personenbezogenen Daten dadurch, dass Sie unsere Dienste verwenden und\/oder weil Sie uns diese Daten selbst mitgeteilt haben. Nachfolgend finden Sie eine \u00dcbersicht \u00fcber die von uns verarbeiteten personenbezogenen Daten.<\/p>\n\n\n\n<ul>\n<li>Vor- und Nachname<\/li>\n\n\n\n<li>E-Mail-Adresse<\/li>\n<\/ul>\n\n\n\n<h3 class=\"wp-block-heading\"><strong>Von uns verarbeitete besondere und\/oder empfindliche personenbezogene Daten<\/strong><\/h3>\n\n\n\n<p>Unsere Website und\/oder unser Webdienst dient\/dienen nicht zur Erfassung der Daten von Websitebesuchern unter 16 Jahren, au\u00dfer sie haben die entsprechende Erlaubnis von ihren Eltern oder ihrem Vormund erhalten. Wir k\u00f6nnen jedoch nicht kontrollieren, ob ein Websitebesucher tats\u00e4chlich unter 16 Jahren alt ist. Wir empfehlen Eltern daher, die Online-Aktivit\u00e4ten ihrer Kinder zu verfolgen und dadurch die Erfassung von Daten \u00fcber Kinder ohne elterliche Zustimmung zu vermeiden. Wenn Sie der Ansicht sind, dass wir ohne diese Zustimmung personenbezogene Daten eines Minderj\u00e4hrigen erfasst haben, informieren Sie uns bitte per E-Mail an info@orgamebo.nl dar\u00fcber; wir werden die betreffenden Daten dann aus unserem Bestand l\u00f6schen.<\/p>\n\n\n\n<h3 class=\"wp-block-heading\"><strong>F\u00fcr welchen Zweck und auf welcher Basis verarbeiten wir personenbezogene Daten?<\/strong><\/h3>\n\n\n\n<p>Orgamebo BV verarbeitet Ihre personenbezogenen Daten zu folgenden Zwecken:<\/p>\n\n\n\n<p>Ggf. Kontaktaufnahme mit Ihnen (per Telefon oder per E-Mail), falls dies zur Durchf\u00fchrung unserer Dienstleistung erforderlich ist.<\/p>\n\n\n\n<h3 class=\"wp-block-heading\"><strong>Automatisierte Entscheidungsfindung<\/strong><\/h3>\n\n\n\n<p>Orgamebo BV \u00fcbernimmt #Verantwortung anhand automatisierter Verarbeitungen in Bereichen, die (betr\u00e4chtliche) Folgen f\u00fcr die betroffenen Personen haben k\u00f6nnen. Es handelt sich dabei um Beschl\u00fcsse, die von Computerprogrammen oder -systemen getroffen werden, ohne dass ein Mensch (beispielsweise ein Mitarbeiter von Orgamebo BV) darin involviert wird.<\/p>\n\n\n\n<h3 class=\"wp-block-heading\"><strong>Wie lange bewahren wir Ihre personenbezogenen Daten auf?<\/strong><\/h3>\n\n\n\n<p>Orgamebo BV speichert Ihre personenbezogenen Daten h\u00f6chstens so lange, wie es zur Durchf\u00fchrung der Arbeiten, f\u00fcr die Ihre Daten erfasst wurden, unbedingt notwendig ist. Wir handhaben dabei folgende Aufbewahrungsfrist f\u00fcr folgende personenbezogene Daten(kategorien): 14 Monate<\/p>\n\n\n\n<h3 class=\"wp-block-heading\"><strong>Teilen personenbezogener Daten mit Dritten<\/strong><\/h3>\n\n\n\n<p>Orgamebo BV gibt personenbezogene Daten ausschlie\u00dflich und nur dann an Dritte weiter, wenn dies f\u00fcr die Ausf\u00fchrung unseres mit Ihnen geschlossenen Vertrags unbedingt erforderlich ist, oder um eine gesetzliche Vorschrift einzuhalten.<\/p>\n\n\n\n<h3 class=\"wp-block-heading\"><strong>Cookies oder von uns eingesetzte vergleichbare Techniken<\/strong><\/h3>\n\n\n\n<p>Orgamebo BV verwendet funktionelle, analytische und Tracking-Cookies. Ein Cookie ist eine kleine Textdatei, die beim ersten Besuch dieser Website im Browser Ihres Computers, Tabletts oder Smartphones gespeichert wird. Orgamebo BV verwendet Cookies, die eine rein technische Funktion besitzen. Diese Cookies sorgen daf\u00fcr, dass die Website ordnungsgem\u00e4\u00df funktioniert und dass beispielsweise Ihre Pr\u00e4ferenzeinstellungen gespeichert werden. Diese Cookies werden auch zur richtigen Funktion der Website und zu deren Optimierung eingesetzt. Dar\u00fcber hinaus setzen wir Cookies, die Ihr Navigationsverhalten auf unserer Website speichern, sodass wir Ihnen individuell angepassten Content und Meldungen anzeigen k\u00f6nnen. Beim ersten Besuch unserer Website haben wir Sie bereits \u00fcber diese Cookies informiert und Sie um Ihre Zustimmung zum Setzen der Cookies gebeten. Sie k\u00f6nnen sich von der Cookies-Verwendung abmelden, indem Sie Ihren Internetbrowser so einstellen, dass dieser keine Cookies mehr speichert. Dar\u00fcber hinaus k\u00f6nnen Sie auch alle an fr\u00fcherer Stelle gespeicherten Informationen \u00fcber die Einstellungen Ihres Internetbrowsers l\u00f6schen. F\u00fcr Hinweise zur Vorgehensweise siehe: https:\/\/veiliginternetten.nl\/themes\/situatie\/cookies-wat-zijn-het-en-wat-doe-ik-ermee\/<\/p>\n\n\n\n<h3 class=\"wp-block-heading\"><strong>Dateneinblick, -anpassung oder -l\u00f6schung<\/strong><\/h3>\n\n\n\n<p>Sie haben das Recht, Ihre personenbezogenen Daten einzusehen, diese zu korrigieren oder zu l\u00f6schen. Sie k\u00f6nnen dieses unabh\u00e4ngig \u00fcber die pers\u00f6nlichen Einstellungen Ihres Benutzerkontos vornehmen. Au\u00dferdem haben Sie das Recht, Ihre eventuelle Zustimmung zur Datenverarbeitung zur\u00fcckzunehmen oder Widerspruch gegen die Verarbeitung Ihrer personenbezogenen Daten durch unser Unternehmen einzulegen; zudem haben Sie Recht auf Daten\u00fcbertragbarkeit. Das bedeutet, dass Sie bei uns die Bitte einreichen k\u00f6nnen, Ihre personenbezogenen Daten, die wir von Ihnen in einer Computerdatei erfasst haben, an Sie oder eine andere, von Ihnen genannte Organisation zu senden. Wenn Sie Ihr Recht auf Einspruch und\/oder Ihr Recht auf Daten\u00fcbertragbarkeit wahrnehmen m\u00f6chten oder andere Fragen\/Anmerkungen zu der Datenverarbeitung haben, senden Sie einen entsprechenden Antrag an info@orgamebo.nl. Damit wir sichergehen, dass der Antrag auf Dateneinsicht von Ihnen stammt, bitten wir Sie, uns zusammen mit dem Antrag einen Identit\u00e4tsnachweis zu senden. Decken Sie in der Kopie Ihres Identit\u00e4tsnachweises Ihr Ausweisbild, den MRZ-Bereich (machine readable zone: der Streifen mit den Nummern am unteren Ausweisrand), Ihre Ausweisnummer und die BSN-Nummer ab. Diese Ma\u00dfnahmen dienen zum Schutz Ihrer personenbezogenen Daten. Orgamebo BV wird schnellstm\u00f6glich, sp\u00e4testens jedoch innerhalb von vier Wochen, auf Ihren Antrag reagieren. Orgamebo BV m\u00f6chte Sie gleichzeitig darauf hinweisen, dass Sie die M\u00f6glichkeit haben, eine Beschwerde bei der nationalen Aufsichtsbeh\u00f6rde f\u00fcr personenbezogene Daten einzureichen. Dies erfolgt \u00fcber folgenden Link: https:\/\/autoriteitpersoonsgegevens.nl\/nl\/contact-met-de-autoriteit-persoonsgegevens\/tip-ons<\/p>\n\n\n\n<h3 class=\"wp-block-heading\"><strong>So sch\u00fctzen wir personenbezogene Daten<\/strong><\/h3>\n\n\n\n<p>Orgamebo BV nimmt den Schutz Ihrer personenbezogenen Daten ernst und trifft entsprechende Ma\u00dfnahmen, um Datenmissbrauch, Datenverlust, unbefugten Datenzugriff, unerw\u00fcnschte Ver\u00f6ffentlichung und nicht genehmigte Daten\u00e4nderung zu vermeiden. Wenn Sie den Eindruck haben, dass Ihre Daten dennoch nicht gut gesch\u00fctzt sein sollten oder wenn es Hinweise auf Datenmissbrauch gibt, wenden Sie sich an unseren Kundendienst oder senden Sie uns eine E-Mail an info@orgamebo.nl<\/p>\n\n\n\n<div class=\"wp-block-stackable-spacer stk-block-spacer stk--no-padding stk-block stk-0ab0f1d\" data-block-id=\"0ab0f1d\"><\/div>\n","protected":false},"excerpt":{"rendered":"<p>Datenschutzerkl\u00e4rung Orgamebo BV mit Gesch\u00e4ftssitz in der Burensestraat 2 in 4016CZ Kapel-Avezaath (Niederlande) ist f\u00fcr die Verarbeitung personenbezogener Daten, so wie es in dieser Datenschutzerkl\u00e4rung genannt wird, verantwortlich. Kontaktdaten: Burensestraat 2, NL \u2013 4016CZ Kapel-Avezaath+31 344 645 528Orgamebo ist der Datenschutzbeauftragte von Orgamebo BV. Er\/sie ist per E-Mail unter folgender Adresse zu erreichen: info@orgamebo.nl Von [&hellip;]<\/p>\n","protected":false},"author":4,"featured_media":2938,"parent":0,"menu_order":0,"comment_status":"closed","ping_status":"closed","template":"","meta":{"footnotes":""},"blocksy_meta":{"page_title_panel":"","has_hero_section":"disabled","6081c6a364f2b5d87ffd763b57b54215":"","hero_section":"type-1","hero_elements":[{"id":"custom_title","enabled":false,"heading_tag":"h1","title":"Home","__id":"9bqWP16xf8btRI_zUbGhU"},{"id":"custom_description","enabled":false,"description_visibility":{"desktop":true,"tablet":true,"mobile":false},"__id":"eeXO70ujvEcxI4AyU71pE"},{"id":"custom_meta","enabled":false,"meta_elements":[{"id":"author","enabled":true,"label":"By","has_author_avatar":"yes","avatar_size":25},{"id":"post_date","enabled":true,"label":"On","date_format_source":"default","date_format":"M j, Y"},{"id":"comments","enabled":true}],"page_meta_elements":{"joined":true,"articles_count":true,"comments":true},"__id":"yH-9z2Z81QMocuenKzwoq"},{"id":"breadcrumbs","enabled":false,"__id":"Ew249MZSo8AtJAhVkUkMP"}],"af5b5a3ba540ab74942ecb5004bc2f94":"","hero_alignment1":{"0":"l","1":"e","2":"f","3":"t","desktop":"left","tablet":"left","mobile":"left","__changed":[]},"hero_margin":{"desktop":"0","tablet":30,"mobile":30,"__changed":[]},"hero_alignment2":"center","hero_vertical_alignment":"center","dd53a0514fce4871be299d3c0c74b959":"","hero_structure":"narrow","1f3f8338072212d8699c8639cac5c769":"","page_title_bg_type":"featured_image","custom_hero_background":{"attachment_id":null},"parallax":{"desktop":false,"tablet":false,"mobile":false},"2c5aabcd6b607dc5f2f964a725ad40b1":"","hero_height":"250px","pageTitleFont":{"family":"Default","variation":"Default","size":{"desktop":"32px","tablet":"30px","mobile":"25px"},"line-height":"CT_CSS_SKIP_RULE","letter-spacing":"CT_CSS_SKIP_RULE","text-transform":"CT_CSS_SKIP_RULE","text-decoration":"CT_CSS_SKIP_RULE"},"pageTitleFontColor":{"default":{"color":"CT_CSS_SKIP_RULEDEFAULT"}},"pageMetaFont":{"family":"Default","variation":"n6","size":"12px","line-height":"1.3","letter-spacing":"CT_CSS_SKIP_RULE","text-transform":"uppercase","text-decoration":"CT_CSS_SKIP_RULE"},"pageMetaFontColor":{"default":{"color":"CT_CSS_SKIP_RULEDEFAULT"},"hover":{"color":"CT_CSS_SKIP_RULEDEFAULT"}},"pageExcerptFont":{"family":"Default","variation":"Default","size":"CT_CSS_SKIP_RULE","line-height":"CT_CSS_SKIP_RULE","letter-spacing":"CT_CSS_SKIP_RULE","text-transform":"CT_CSS_SKIP_RULE","text-decoration":"CT_CSS_SKIP_RULE"},"pageExcerptColor":{"default":{"color":"CT_CSS_SKIP_RULEDEFAULT"}},"breadcrumbsFont":{"family":"Default","variation":"n6","size":"12px","line-height":"CT_CSS_SKIP_RULE","letter-spacing":"CT_CSS_SKIP_RULE","text-transform":"uppercase","text-decoration":"CT_CSS_SKIP_RULE"},"breadcrumbsFontColor":{"default":{"color":"CT_CSS_SKIP_RULEDEFAULT"},"initial":{"color":"CT_CSS_SKIP_RULEDEFAULT"},"hover":{"color":"CT_CSS_SKIP_RULEDEFAULT"}},"pageTitleOverlay":{"default":{"color":"CT_CSS_SKIP_RULE"}},"pageTitleBackground":{"background_type":"color","background_pattern":"type-1","background_image":{"attachment_id":null,"x":0,"y":0},"gradient":"linear-gradient(135deg,rgba(6,147,227,1) 0%,rgb(155,81,224) 100%)","background_repeat":"no-repeat","background_size":"auto","background_attachment":"scroll","patternColor":{"default":{"color":"#e5e7ea"}},"overlayColor":{"default":{"color":"CT_CSS_SKIP_RULE"}},"backgroundColor":{"default":{"color":"#EDEFF2"}}},"7949938c3110f0425d52bfa5bfbda156":"","page_structure_type":"default","content_style":"inherit","vertical_spacing_source":"custom","content_area_spacing":"none","background":{"background_type":"color","background_pattern":"type-1","background_image":{"attachment_id":null,"x":0,"y":0},"gradient":"linear-gradient(135deg,rgba(6,147,227,1) 0%,rgb(155,81,224) 100%)","background_repeat":"no-repeat","background_size":"auto","background_attachment":"scroll","patternColor":{"default":{"color":"#e5e7ea"}},"overlayColor":{"default":{"color":"CT_CSS_SKIP_RULE"}},"backgroundColor":{"default":{"color":"CT_CSS_SKIP_RULE"}}},"content_background":{"background_type":"color","background_pattern":"type-1","background_image":{"attachment_id":null,"x":0,"y":0},"gradient":"linear-gradient(135deg,rgba(6,147,227,1) 0%,rgb(155,81,224) 100%)","background_repeat":"no-repeat","background_size":"auto","background_attachment":"scroll","patternColor":{"default":{"color":"#e5e7ea"}},"overlayColor":{"default":{"color":"CT_CSS_SKIP_RULE"}},"backgroundColor":{"default":{"color":"#ffffff"}}},"content_boxed_shadow":{"inherit":false,"blur":18,"spread":-6,"v_offset":12,"h_offset":0,"inset":false,"enable":true,"color":{"color":"rgba(34, 56, 101, 0.04)"}},"boxed_content_spacing":{"desktop":{"top":"40px","bottom":"40px","left":"40px","right":"40px","linked":true},"tablet":{"top":"35px","bottom":"35px","left":"35px","right":"35px","linked":true},"mobile":{"top":"20px","bottom":"20px","left":"20px","right":"20px","linked":true}},"content_boxed_radius":{"top":"3px","bottom":"3px","left":"3px","right":"3px","linked":true},"ebd491daf8645df0fa3b5d47c3e54094":"","disable_featured_image":"no","disable_header":"no","disable_footer":"no","8d4504031a3e99550d5eff939d516a6a":"","b9ad5b45feddc8793f34e21d4de6e656":"","eaf05b600f4954a3496c159f38dbe1ad":"","3fd154c53e4d4d43e84b58888a7248c4":"","ebe5ea441f0baeded954005490b143ca":"","ec770c4553490e7636c43e03827cfefa":"","cabf4bb948cb5e8d06628c5601e140d6":"","bbd1077f08e1371ea294819d1554a72f":"","2594f8bab439a66738b897d1d4d2f1db":"","e2567e0840ccef29d6544a70ac1dc7ca":"","04e1a890654e3f2da2eda1bf09d0efd7":"","971915e87dc752af519af0197b39e146":"","pageTitlePadding":{"top":"50px","bottom":"50px","left":"auto","right":"auto","linked":true},"a9af72a2b760e56a55ce68c7e8dc2d4c":"","243644b8034bf65f7065a45c8b35183d":"","styles_descriptor":{"styles":{"desktop":"","tablet":"","mobile":""},"google_fonts":[],"version":6}},"featured_image_urls":{"full":["https:\/\/orgamebo.nl\/wp-content\/uploads\/2024\/02\/header-6.jpg",1920,600,false],"thumbnail":["https:\/\/orgamebo.nl\/wp-content\/uploads\/2024\/02\/header-6-150x150.jpg",150,150,true],"medium":["https:\/\/orgamebo.nl\/wp-content\/uploads\/2024\/02\/header-6-300x94.jpg",300,94,true],"medium_large":["https:\/\/orgamebo.nl\/wp-content\/uploads\/2024\/02\/header-6-768x240.jpg",768,240,true],"large":["https:\/\/orgamebo.nl\/wp-content\/uploads\/2024\/02\/header-6-1024x320.jpg",1024,320,true],"1536x1536":["https:\/\/orgamebo.nl\/wp-content\/uploads\/2024\/02\/header-6-1536x480.jpg",1536,480,true],"2048x2048":["https:\/\/orgamebo.nl\/wp-content\/uploads\/2024\/02\/header-6.jpg",1920,600,false]},"post_excerpt_stackable":"<p>Datenschutzerkl\u00e4rung Orgamebo BV mit Gesch\u00e4ftssitz in der Burensestraat 2 in 4016CZ Kapel-Avezaath (Niederlande) ist f\u00fcr die Verarbeitung personenbezogener Daten, so wie es in dieser Datenschutzerkl\u00e4rung genannt wird, verantwortlich. Kontaktdaten: Burensestraat 2, NL \u2013 4016CZ Kapel-Avezaath+31 344 645 528Orgamebo ist der Datenschutzbeauftragte von Orgamebo BV. Er\/sie ist per E-Mail unter folgender Adresse zu erreichen: info@orgamebo.nl Von uns verarbeitete personenbezogene Daten Orgamebo BV verarbeitet Ihre personenbezogenen Daten dadurch, dass Sie unsere Dienste verwenden und\/oder weil Sie uns diese Daten selbst mitgeteilt haben. Nachfolgend finden Sie eine \u00dcbersicht \u00fcber die von uns verarbeiteten personenbezogenen Daten. Vor- und Nachname E-Mail-Adresse Von uns verarbeitete besondere&hellip;<\/p>\n","category_list":"","author_info":{"name":"mark","url":"https:\/\/orgamebo.nl\/de\/author\/mark\/"},"comments_num":"0 comments","featured_image_urls_v2":{"full":["https:\/\/orgamebo.nl\/wp-content\/uploads\/2024\/02\/header-6.jpg",1920,600,false],"thumbnail":["https:\/\/orgamebo.nl\/wp-content\/uploads\/2024\/02\/header-6-150x150.jpg",150,150,true],"medium":["https:\/\/orgamebo.nl\/wp-content\/uploads\/2024\/02\/header-6-300x94.jpg",300,94,true],"medium_large":["https:\/\/orgamebo.nl\/wp-content\/uploads\/2024\/02\/header-6-768x240.jpg",768,240,true],"large":["https:\/\/orgamebo.nl\/wp-content\/uploads\/2024\/02\/header-6-1024x320.jpg",1024,320,true],"1536x1536":["https:\/\/orgamebo.nl\/wp-content\/uploads\/2024\/02\/header-6-1536x480.jpg",1536,480,true],"2048x2048":["https:\/\/orgamebo.nl\/wp-content\/uploads\/2024\/02\/header-6.jpg",1920,600,false]},"post_excerpt_stackable_v2":"<p>Datenschutzerkl\u00e4rung Orgamebo BV mit Gesch\u00e4ftssitz in der Burensestraat 2 in 4016CZ Kapel-Avezaath (Niederlande) ist f\u00fcr die Verarbeitung personenbezogener Daten, so wie es in dieser Datenschutzerkl\u00e4rung genannt wird, verantwortlich. Kontaktdaten: Burensestraat 2, NL \u2013 4016CZ Kapel-Avezaath+31 344 645 528Orgamebo ist der Datenschutzbeauftragte von Orgamebo BV. Er\/sie ist per E-Mail unter folgender Adresse zu erreichen: info@orgamebo.nl Von uns verarbeitete personenbezogene Daten Orgamebo BV verarbeitet Ihre personenbezogenen Daten dadurch, dass Sie unsere Dienste verwenden und\/oder weil Sie uns diese Daten selbst mitgeteilt haben. Nachfolgend finden Sie eine \u00dcbersicht \u00fcber die von uns verarbeiteten personenbezogenen Daten. Vor- und Nachname E-Mail-Adresse Von uns verarbeitete besondere&hellip;<\/p>\n","category_list_v2":"","author_info_v2":{"name":"mark","url":"https:\/\/orgamebo.nl\/de\/author\/mark\/"},"comments_num_v2":"0 comments","_links":{"self":[{"href":"https:\/\/orgamebo.nl\/de\/wp-json\/wp\/v2\/pages\/2997"}],"collection":[{"href":"https:\/\/orgamebo.nl\/de\/wp-json\/wp\/v2\/pages"}],"about":[{"href":"https:\/\/orgamebo.nl\/de\/wp-json\/wp\/v2\/types\/page"}],"author":[{"embeddable":true,"href":"https:\/\/orgamebo.nl\/de\/wp-json\/wp\/v2\/users\/4"}],"replies":[{"embeddable":true,"href":"https:\/\/orgamebo.nl\/de\/wp-json\/wp\/v2\/comments?post=2997"}],"version-history":[{"count":1,"href":"https:\/\/orgamebo.nl\/de\/wp-json\/wp\/v2\/pages\/2997\/revisions"}],"predecessor-version":[{"id":2998,"href":"https:\/\/orgamebo.nl\/de\/wp-json\/wp\/v2\/pages\/2997\/revisions\/2998"}],"wp:featuredmedia":[{"embeddable":true,"href":"https:\/\/orgamebo.nl\/de\/wp-json\/wp\/v2\/media\/2938"}],"wp:attachment":[{"href":"https:\/\/orgamebo.nl\/de\/wp-json\/wp\/v2\/media?parent=2997"}],"curies":[{"name":"wp","href":"https:\/\/api.w.org\/{rel}","templated":true}]}}