{"id":2987,"date":"2024-02-02T07:17:58","date_gmt":"2024-02-02T07:17:58","guid":{"rendered":"https:\/\/orgamebo.nl\/?page_id=2987"},"modified":"2024-03-26T13:38:17","modified_gmt":"2024-03-26T13:38:17","slug":"unsere-arbeitsweise","status":"publish","type":"page","link":"https:\/\/orgamebo.nl\/de\/unsere-arbeitsweise\/","title":{"rendered":"Unsere Arbeitsweise"},"content":{"rendered":"\n<div class=\"wp-block-stackable-columns stk-block-columns stk-block stk-637d702\" data-block-id=\"637d702\"><style>.stk-637d702{margin-bottom:75px !important}<\/style><div class=\"stk-row stk-inner-blocks stk-block-content stk-content-align stk-637d702-column\">\n<div class=\"wp-block-stackable-column stk-block-column stk-column stk-block stk-126d362\" data-v=\"4\" data-block-id=\"126d362\"><style>.stk-126d362-container{margin-top:0px !important;margin-right:0px !important;margin-bottom:0px !important;margin-left:0px !important;max-width:67% !important;padding-top:50px !important}<\/style><div class=\"stk-column-wrapper stk-block-column__content stk-container stk-126d362-container stk--no-background stk--no-padding\"><div class=\"stk-block-content stk-inner-blocks stk-126d362-inner-blocks\"><h2 class=\"wp-block-post-title\">Unsere Arbeitsweise<\/h2>\n\n\n<p class=\"has-palette-color-3-color has-text-color\" style=\"font-size:clamp(14.642px, 0.915rem + ((1vw - 3.2px) * 0.575), 22px);\">Orgamebo sorgt daf\u00fcr, dass ausgesonderte Produkte wie Fehlernten und R\u00fcckst\u00e4nde aus der Biolandwirtschaft wie Pflanzenschalen und Pflanzenreste nicht einfach vernichtet, sondern wiederverwendet werden. Reststoffe gelten bei uns als vollwertige Rohstoffe. Der Ansatz eines solchen geschlossenen Kreislaufs in Kombination mit einer umweltvertr\u00e4glichen Arbeitsweise sorgt f\u00fcr den Verbrauch weniger fossiler Energie und weniger Emissionen umweltverschmutzender Stoffe und tr\u00e4gt damit zu einer nachhaltigeren Welt bei.<\/p>\n\n\n\n<div class=\"wp-block-stackable-button-group stk-block-button-group stk-block stk-2738555\" data-block-id=\"2738555\"><div class=\"stk-row stk-inner-blocks has-text-align-left stk-block-content stk-button-group\">\n<div class=\"wp-block-stackable-button stk-block-button has-text-align-left stk-block stk-8b9a7ea\" data-block-id=\"8b9a7ea\"><style>.stk-8b9a7ea .stk-button{background:var(--theme-palette-color-4,#D79A2B) !important;border-top-left-radius:10px !important;border-top-right-radius:10px !important;border-bottom-right-radius:10px !important;border-bottom-left-radius:10px !important}.stk-8b9a7ea .stk-button__inner-text{font-size:18px !important;color:var(--theme-palette-color-5,#ffffff) !important;font-weight:700 !important}@media screen and (max-width:1023px){.stk-8b9a7ea .stk-button__inner-text{font-size:18px !important}}<\/style><a class=\"stk-link stk-button stk--hover-effect-darken\" href=\"https:\/\/orgamebo.nl\/de\/kontakt\/\"><span class=\"has-text-color has-palette-color-5-color stk-button__inner-text\">Kontaktieren Sie uns<\/span><span class=\"stk--svg-wrapper\"><div class=\"stk--inner-svg\"><svg aria-hidden=\"true\" focusable=\"false\" data-prefix=\"fas\" data-icon=\"arrow-right\" class=\"svg-inline--fa fa-arrow-right fa-w-14\" xmlns=\"http:\/\/www.w3.org\/2000\/svg\" viewBox=\"0 0 448 512\" width=\"32\" height=\"32\"><path fill=\"currentColor\" d=\"M190.5 66.9l22.2-22.2c9.4-9.4 24.6-9.4 33.9 0L441 239c9.4 9.4 9.4 24.6 0 33.9L246.6 467.3c-9.4 9.4-24.6 9.4-33.9 0l-22.2-22.2c-9.5-9.5-9.3-25 .4-34.3L311.4 296H24c-13.3 0-24-10.7-24-24v-32c0-13.3 10.7-24 24-24h287.4L190.9 101.2c-9.8-9.3-10-24.8-.4-34.3z\"><\/path><\/svg><\/div><\/span><\/a><\/div>\n<\/div><\/div>\n<\/div><\/div><\/div>\n<\/div><\/div>\n\n\n\n<div class=\"wp-block-stackable-columns stk-block-columns stk-block stk-dfefbed\" data-block-id=\"dfefbed\"><style>.stk-dfefbed .stk--block-align-dfefbed{align-items:center !important}.stk-dfefbed{align-items:center !important;margin-bottom:75px !important;display:flex !important}.stk-dfefbed-column{--stk-column-gap:30px !important}<\/style><div class=\"stk-row stk-inner-blocks stk--block-align-dfefbed stk-block-content stk-content-align stk-dfefbed-column\">\n<div class=\"wp-block-stackable-column stk-block-column stk-column stk-block stk-27586e9\" data-v=\"4\" data-block-id=\"27586e9\"><style>.stk-27586e9-container{margin-top:0px !important;margin-right:0px !important;margin-bottom:0px !important;margin-left:0px !important}<\/style><div class=\"stk-column-wrapper stk-block-column__content stk-container stk-27586e9-container stk--no-background stk--no-padding\"><div class=\"stk-block-content stk-inner-blocks stk-27586e9-inner-blocks\">\n<div class=\"wp-block-stackable-image stk-block-image stk-block stk-f4cdcd1\" data-block-id=\"f4cdcd1\"><style>.stk-f4cdcd1 .stk-img-wrapper{height:400px !important}.stk-f4cdcd1 .stk-img-wrapper img{border-radius:20px !important}<\/style><figure><span class=\"stk-img-wrapper stk-image--shape-stretch\"><img loading=\"lazy\" decoding=\"async\" class=\"stk-img wp-image-2747\" src=\"http:\/\/orgamebo.nl\/wp-content\/uploads\/2024\/03\/onze-werkwijze-orgamebo.jpg\" width=\"1080\" height=\"810\" srcset=\"https:\/\/orgamebo.nl\/wp-content\/uploads\/2024\/03\/onze-werkwijze-orgamebo.jpg 1080w, https:\/\/orgamebo.nl\/wp-content\/uploads\/2024\/03\/onze-werkwijze-orgamebo-300x225.jpg 300w, https:\/\/orgamebo.nl\/wp-content\/uploads\/2024\/03\/onze-werkwijze-orgamebo-1024x768.jpg 1024w, https:\/\/orgamebo.nl\/wp-content\/uploads\/2024\/03\/onze-werkwijze-orgamebo-768x576.jpg 768w\" sizes=\"(max-width: 1080px) 100vw, 1080px\" \/><\/span><\/figure><\/div>\n<\/div><\/div><\/div>\n\n\n\n<div class=\"wp-block-stackable-column stk-block-column stk-column stk-block stk-f1a8a09\" data-v=\"4\" data-block-id=\"f1a8a09\"><style>.stk-f1a8a09-container{padding-right:100px !important;padding-left:0px !important}<\/style><div class=\"stk-column-wrapper stk-block-column__content stk-container stk-f1a8a09-container stk--no-background stk--no-padding\"><div class=\"stk-block-content stk-inner-blocks stk-f1a8a09-inner-blocks\">\n<p class=\"has-palette-color-4-color has-text-color\" style=\"font-size:clamp(14.642px, 0.915rem + ((1vw - 3.2px) * 0.575), 22px);\"><strong><strong>Transport von R\u00fcckstandsfl\u00fcssen zu Bioverg\u00e4rungsanlagen<\/strong><\/strong><\/p>\n\n\n\n<p style=\"font-size:clamp(14px, 0.875rem + ((1vw - 3.2px) * 0.313), 18px);\">Orgamebo liefert pflanzliche R\u00fcckstandsfl\u00fcsse. In Kapel-Avezaath wird der pflanzliche R\u00fcckstandsfluss wie Getreidemischungen produziert und zu Bioverg\u00e4rungsanlagen in den Niederlanden, in Belgien und Luxemburg transportiert. In den Bioverg\u00e4rungsanlagen wird die Biomasse in Biogas umgewandelt, das anschlie\u00dfend als \u00d6kostrom oder \u00d6kogas eingesetzt wird. F\u00fcr mehr gr\u00fcne Energie. Biogas bildet somit eine Art nachhaltiger Energie.<\/p>\n<\/div><\/div><\/div>\n<\/div><\/div>\n\n\n\n<div class=\"wp-block-stackable-columns alignfull stk-block-columns stk-block stk-6532c21 stk-block-background\" data-block-id=\"6532c21\"><style>.stk-6532c21{border-radius:50px !important;overflow:hidden !important;margin-right:10% !important;margin-left:10% !important}<\/style><div class=\"stk-row stk-inner-blocks stk-block-content stk-content-align stk-6532c21-column alignfull\">\n<div class=\"wp-block-stackable-column stk-block-column stk-column stk-block stk-62ce520\" data-v=\"4\" data-block-id=\"62ce520\"><style>.stk-62ce520-container{margin-top:50px !important;margin-bottom:50px !important}<\/style><div class=\"stk-column-wrapper stk-block-column__content stk-container stk-62ce520-container stk--no-background stk--no-padding\"><div class=\"stk-block-content stk-inner-blocks stk-62ce520-inner-blocks\">\n<figure class=\"wp-block-image aligncenter size-full\"><img loading=\"lazy\" decoding=\"async\" width=\"909\" height=\"909\" src=\"http:\/\/orgamebo.nl\/wp-content\/uploads\/2024\/03\/Infographic-DUI-e1711457598175.png\" alt=\"\" class=\"wp-image-2979\" srcset=\"https:\/\/orgamebo.nl\/wp-content\/uploads\/2024\/03\/Infographic-DUI-e1711457598175.png 909w, https:\/\/orgamebo.nl\/wp-content\/uploads\/2024\/03\/Infographic-DUI-e1711457598175-300x300.png 300w, https:\/\/orgamebo.nl\/wp-content\/uploads\/2024\/03\/Infographic-DUI-e1711457598175-150x150.png 150w, https:\/\/orgamebo.nl\/wp-content\/uploads\/2024\/03\/Infographic-DUI-e1711457598175-768x768.png 768w\" sizes=\"(max-width: 909px) 100vw, 909px\" \/><\/figure>\n<\/div><\/div><\/div>\n<\/div><\/div>\n\n\n\n<div class=\"wp-block-stackable-columns stk-block-columns stk-block stk-46be493\" data-block-id=\"46be493\"><style>.stk-46be493 .stk--block-align-46be493{align-items:center !important}.stk-46be493{align-items:center !important;margin-top:75px !important;display:flex !important}.stk-46be493-column{--stk-column-gap:30px !important}<\/style><div class=\"stk-row stk-inner-blocks stk--block-align-46be493 stk-block-content stk-content-align stk-46be493-column\">\n<div class=\"wp-block-stackable-column stk-block-column stk-column stk-block stk-680d311\" data-v=\"4\" data-block-id=\"680d311\"><style>.stk-680d311-container{margin-top:0px !important;margin-right:0px !important;margin-bottom:0px !important;margin-left:0px !important;padding-right:100px !important}<\/style><div class=\"stk-column-wrapper stk-block-column__content stk-container stk-680d311-container stk--no-background stk--no-padding\"><div class=\"stk-block-content stk-inner-blocks stk-680d311-inner-blocks\">\n<p class=\"has-palette-color-4-color has-text-color\" style=\"font-size:clamp(14.642px, 0.915rem + ((1vw - 3.2px) * 0.575), 22px);\"><strong><strong><strong>Transport organischen D\u00fcngers zu den Landwirten<\/strong><\/strong><\/strong><\/p>\n\n\n\n<p style=\"font-size:clamp(14px, 0.875rem + ((1vw - 3.2px) * 0.313), 18px);\">Das nach der Verg\u00e4rung \u00fcbriggebliebene Endprodukt ist das organische Bodenverbesserungsmittel, der G\u00e4rr\u00fcckstand. Orgamebo bringt dieses vollst\u00e4ndig organische Produkt zu Landwirten in Deutschland, Frankreich und Polen, die es zur D\u00fcngung ihres Ackerbodens einsetzen. Dadurch kann der Einsatz von Kunstd\u00fcnger vermieden werden.<\/p>\n<\/div><\/div><\/div>\n\n\n\n<div class=\"wp-block-stackable-column stk-block-column stk-column stk-block stk-e6dd052\" data-v=\"4\" data-block-id=\"e6dd052\"><style>.stk-e6dd052-container{margin-top:0px !important;margin-right:0px !important;margin-bottom:0px !important;margin-left:0px !important}<\/style><div class=\"stk-column-wrapper stk-block-column__content stk-container stk-e6dd052-container stk--no-background stk--no-padding\"><div class=\"stk-block-content stk-inner-blocks stk-e6dd052-inner-blocks\">\n<div class=\"wp-block-stackable-image stk-block-image stk-block stk-8f1722f\" data-block-id=\"8f1722f\"><style>.stk-8f1722f .stk-img-wrapper{height:400px !important}.stk-8f1722f .stk-img-wrapper img{border-radius:20px !important}<\/style><figure><span class=\"stk-img-wrapper stk-image--shape-stretch\"><img loading=\"lazy\" decoding=\"async\" class=\"stk-img wp-image-2542\" src=\"http:\/\/orgamebo.nl\/wp-content\/uploads\/2024\/02\/onze-werkwijze-1.jpg\" width=\"1080\" height=\"810\" srcset=\"https:\/\/orgamebo.nl\/wp-content\/uploads\/2024\/02\/onze-werkwijze-1.jpg 1080w, https:\/\/orgamebo.nl\/wp-content\/uploads\/2024\/02\/onze-werkwijze-1-300x225.jpg 300w, https:\/\/orgamebo.nl\/wp-content\/uploads\/2024\/02\/onze-werkwijze-1-1024x768.jpg 1024w, https:\/\/orgamebo.nl\/wp-content\/uploads\/2024\/02\/onze-werkwijze-1-768x576.jpg 768w\" sizes=\"(max-width: 1080px) 100vw, 1080px\" \/><\/span><\/figure><\/div>\n<\/div><\/div><\/div>\n<\/div><\/div>\n\n\n\n<div class=\"wp-block-stackable-columns stk-block-columns stk-block stk-dbbf8d8\" data-block-id=\"dbbf8d8\"><style>.stk-dbbf8d8 .stk--block-align-dbbf8d8{align-items:center !important}.stk-dbbf8d8{align-items:center !important;margin-bottom:75px !important;display:flex !important}.stk-dbbf8d8-column{--stk-column-gap:30px !important}<\/style><div class=\"stk-row stk-inner-blocks stk--block-align-dbbf8d8 stk-block-content stk-content-align stk-dbbf8d8-column\">\n<div class=\"wp-block-stackable-column stk-block-column stk-column stk-block stk-f09292a\" data-v=\"4\" data-block-id=\"f09292a\"><style>.stk-f09292a-container{margin-top:0px !important;margin-right:0px !important;margin-bottom:0px !important;margin-left:0px !important}<\/style><div class=\"stk-column-wrapper stk-block-column__content stk-container stk-f09292a-container stk--no-background stk--no-padding\"><div class=\"stk-block-content stk-inner-blocks stk-f09292a-inner-blocks\">\n<div class=\"wp-block-stackable-image stk-block-image stk-block stk-d2b8cdf\" data-block-id=\"d2b8cdf\"><style>.stk-d2b8cdf .stk-img-wrapper{height:400px !important}.stk-d2b8cdf .stk-img-wrapper img{border-radius:20px !important}<\/style><figure><span class=\"stk-img-wrapper stk-image--shape-stretch\"><img loading=\"lazy\" decoding=\"async\" class=\"stk-img wp-image-2544\" src=\"http:\/\/orgamebo.nl\/wp-content\/uploads\/2024\/02\/onze-werkwijze-4.jpg\" width=\"1080\" height=\"810\" srcset=\"https:\/\/orgamebo.nl\/wp-content\/uploads\/2024\/02\/onze-werkwijze-4.jpg 1080w, https:\/\/orgamebo.nl\/wp-content\/uploads\/2024\/02\/onze-werkwijze-4-300x225.jpg 300w, https:\/\/orgamebo.nl\/wp-content\/uploads\/2024\/02\/onze-werkwijze-4-1024x768.jpg 1024w, https:\/\/orgamebo.nl\/wp-content\/uploads\/2024\/02\/onze-werkwijze-4-768x576.jpg 768w\" sizes=\"(max-width: 1080px) 100vw, 1080px\" \/><\/span><\/figure><\/div>\n<\/div><\/div><\/div>\n\n\n\n<div class=\"wp-block-stackable-column stk-block-column stk-column stk-block stk-d3ccec9\" data-v=\"4\" data-block-id=\"d3ccec9\"><style>.stk-d3ccec9-container{padding-right:100px !important;padding-left:0px !important}<\/style><div class=\"stk-column-wrapper stk-block-column__content stk-container stk-d3ccec9-container stk--no-background stk--no-padding\"><div class=\"stk-block-content stk-inner-blocks stk-d3ccec9-inner-blocks\">\n<p class=\"has-palette-color-4-color has-text-color\" style=\"font-size:clamp(14.642px, 0.915rem + ((1vw - 3.2px) * 0.575), 22px);\"><strong><strong><strong>Womit sich der Kreis schlie\u00dft<\/strong><\/strong><\/strong><\/p>\n\n\n\n<p style=\"font-size:clamp(14px, 0.875rem + ((1vw - 3.2px) * 0.313), 18px);\">Orgamebo f\u00e4hrt niemals mit leeren Lkws zur\u00fcck in die Niederlande. Wir holen meistens bei Festlieferanten R\u00fcckladungen wie Stroh, Mais, Spelzen u. \u00e4. ab, vorausgesetzt, diese erf\u00fcllen die Anforderungen des nachhaltigen Anbaus. Zur\u00fcck in Kapel-Avezaath setzt Orgamebo diese Produkte dann wieder bei der Produktion von Biomasse ein. Womit sich der Kreis schlie\u00dft.<\/p>\n<\/div><\/div><\/div>\n<\/div><\/div>\n","protected":false},"excerpt":{"rendered":"<p>Orgamebo sorgt daf\u00fcr, dass ausgesonderte Produkte wie Fehlernten und R\u00fcckst\u00e4nde aus der Biolandwirtschaft wie Pflanzenschalen und Pflanzenreste nicht einfach vernichtet, sondern wiederverwendet werden. Reststoffe gelten bei uns als vollwertige Rohstoffe. Der Ansatz eines solchen geschlossenen Kreislaufs in Kombination mit einer umweltvertr\u00e4glichen Arbeitsweise sorgt f\u00fcr den Verbrauch weniger fossiler Energie und weniger Emissionen umweltverschmutzender Stoffe und [&hellip;]<\/p>\n","protected":false},"author":4,"featured_media":2918,"parent":0,"menu_order":0,"comment_status":"closed","ping_status":"closed","template":"","meta":{"footnotes":""},"blocksy_meta":{"styles_descriptor":{"styles":{"desktop":"","tablet":"","mobile":""},"google_fonts":[],"version":6},"page_title_panel":"","has_hero_section":"default","b85a11a3b97869f82d825655d986cc2b":"","hero_section":"type-1","hero_elements":[{"id":"custom_title","enabled":true,"heading_tag":"h1","title":"Home"},{"id":"custom_description","enabled":true,"description_visibility":{"desktop":true,"tablet":true,"mobile":false}},{"id":"custom_meta","enabled":false,"meta_elements":[{"id":"author","enabled":true,"label":"Door","has_author_avatar":"yes","avatar_size":25},{"id":"post_date","enabled":true,"label":"Op","date_format_source":"default","date_format":"M j, Y"},{"id":"updated_date","enabled":false,"label":"Op","date_format_source":"default","date_format":"M j, Y"},{"id":"categories","enabled":false,"label":"In","style":"simple"},{"id":"comments","enabled":true}],"page_meta_elements":{"joined":true,"articles_count":true,"comments":true}},{"id":"breadcrumbs","enabled":false}],"c0f0252109e56ff51f5fe55a58c105e1":"","hero_alignment1":"CT_CSS_SKIP_RULE","hero_margin":40,"hero_alignment2":"center","hero_vertical_alignment":"center","d9058ae658c6dcd2b2b2758c486f8666":"","hero_structure":"narrow","8b62ae6e72f61b09b9502434e43de874":"","page_title_bg_type":"featured_image","custom_hero_background":{"attachment_id":null},"page_title_image_size":"full","parallax":{"desktop":false,"tablet":false,"mobile":false},"19cf32bb688cd1be472318898c16c462":"","hero_height":"250px","pageTitleFont":{"family":"Default","variation":"Default","size":"30px","line-height":"CT_CSS_SKIP_RULE","letter-spacing":"CT_CSS_SKIP_RULE","text-transform":"CT_CSS_SKIP_RULE","text-decoration":"CT_CSS_SKIP_RULE"},"pageTitleFontColor":{"default":{"color":"CT_CSS_SKIP_RULEDEFAULT"}},"pageMetaFont":{"family":"Default","variation":"n6","size":"12px","line-height":"1.3","letter-spacing":"CT_CSS_SKIP_RULE","text-transform":"uppercase","text-decoration":"CT_CSS_SKIP_RULE"},"pageMetaFontColor":{"default":{"color":"CT_CSS_SKIP_RULEDEFAULT"},"hover":{"color":"CT_CSS_SKIP_RULEDEFAULT"}},"page_meta_button_type_font_colors":{"default":{"color":"CT_CSS_SKIP_RULEDEFAULT"},"hover":{"color":"CT_CSS_SKIP_RULEDEFAULT"}},"page_meta_button_type_background_colors":{"default":{"color":"CT_CSS_SKIP_RULEDEFAULT"},"hover":{"color":"CT_CSS_SKIP_RULEDEFAULT"}},"pageExcerptFont":{"family":"Default","variation":"Default","size":"CT_CSS_SKIP_RULE","line-height":"CT_CSS_SKIP_RULE","letter-spacing":"CT_CSS_SKIP_RULE","text-transform":"CT_CSS_SKIP_RULE","text-decoration":"CT_CSS_SKIP_RULE"},"pageExcerptColor":{"default":{"color":"CT_CSS_SKIP_RULEDEFAULT"}},"breadcrumbsFont":{"family":"Default","variation":"Default","size":"CT_CSS_SKIP_RULE","line-height":"CT_CSS_SKIP_RULE","letter-spacing":"CT_CSS_SKIP_RULE","text-transform":"CT_CSS_SKIP_RULE","text-decoration":"CT_CSS_SKIP_RULE"},"breadcrumbsFontColor":{"default":{"color":"CT_CSS_SKIP_RULEDEFAULT"},"initial":{"color":"CT_CSS_SKIP_RULEDEFAULT"},"hover":{"color":"CT_CSS_SKIP_RULEDEFAULT"}},"pageTitleOverlay":{"background_type":"color","background_pattern":"type-1","background_image":{"attachment_id":null,"x":0,"y":0},"gradient":"linear-gradient(135deg,rgba(6,147,227,1) 0%,rgb(155,81,224) 100%)","background_repeat":"repeat","background_size":"auto","background_attachment":"scroll","patternColor":{"default":{"color":"#e5e7ea"}},"overlayColor":{"default":{"color":"CT_CSS_SKIP_RULE"}},"backgroundColor":{"default":{"color":"CT_CSS_SKIP_RULE"}}},"pageTitleBackground":{"background_type":"color","background_pattern":"type-1","background_image":{"attachment_id":null,"x":0,"y":0},"gradient":"linear-gradient(135deg,rgba(6,147,227,1) 0%,rgb(155,81,224) 100%)","background_repeat":"repeat","background_size":"auto","background_attachment":"scroll","patternColor":{"default":{"color":"#e5e7ea"}},"overlayColor":{"default":{"color":"CT_CSS_SKIP_RULE"}},"backgroundColor":{"default":{"color":"var(--theme-palette-color-6)"}}},"pageTitlePadding":{"top":"50px","bottom":"50px","left":"auto","right":"auto","linked":true},"db7144cdaf609e9df85f02c9acbba8e7":"","page_structure_type":"default","f1c2a8afe49c89e3c2537aa610c33f6d":"","content_style_source":"inherit","content_style":"wide","vertical_spacing_source":"inherit","content_area_spacing":"both","background":{"background_type":"color","background_pattern":"type-1","background_image":{"attachment_id":null,"x":0,"y":0},"gradient":"linear-gradient(135deg,rgba(6,147,227,1) 0%,rgb(155,81,224) 100%)","background_repeat":"repeat","background_size":"auto","background_attachment":"scroll","patternColor":{"default":{"color":"#e5e7ea"}},"overlayColor":{"default":{"color":"CT_CSS_SKIP_RULE"}},"backgroundColor":{"default":{"color":"CT_CSS_SKIP_RULE"}}},"content_background":{"background_type":"color","background_pattern":"type-1","background_image":{"attachment_id":null,"x":0,"y":0},"gradient":"linear-gradient(135deg,rgba(6,147,227,1) 0%,rgb(155,81,224) 100%)","background_repeat":"repeat","background_size":"auto","background_attachment":"scroll","patternColor":{"default":{"color":"#e5e7ea"}},"overlayColor":{"default":{"color":"CT_CSS_SKIP_RULE"}},"backgroundColor":{"default":{"color":"var(--theme-palette-color-8)"}}},"content_boxed_shadow":{"inherit":false,"blur":18,"spread":-6,"v_offset":12,"h_offset":0,"inset":false,"enable":true,"color":{"color":"rgba(34, 56, 101, 0.04)"}},"boxed_content_spacing":{"desktop":{"top":"40px","bottom":"40px","left":"40px","right":"40px","linked":true},"tablet":{"top":"35px","bottom":"35px","left":"35px","right":"35px","linked":true},"mobile":{"top":"20px","bottom":"20px","left":"20px","right":"20px","linked":true}},"content_boxed_radius":{"top":"3px","bottom":"3px","left":"3px","right":"3px","linked":true},"9bc1c75b3c85278431e8033e4924318b":"","disable_featured_image":"yes","disable_share_box":"no","disable_header":"no","disable_footer":"no"},"featured_image_urls":{"full":["https:\/\/orgamebo.nl\/wp-content\/uploads\/2024\/02\/header-5.jpg",1920,600,false],"thumbnail":["https:\/\/orgamebo.nl\/wp-content\/uploads\/2024\/02\/header-5-150x150.jpg",150,150,true],"medium":["https:\/\/orgamebo.nl\/wp-content\/uploads\/2024\/02\/header-5-300x94.jpg",300,94,true],"medium_large":["https:\/\/orgamebo.nl\/wp-content\/uploads\/2024\/02\/header-5-768x240.jpg",768,240,true],"large":["https:\/\/orgamebo.nl\/wp-content\/uploads\/2024\/02\/header-5-1024x320.jpg",1024,320,true],"1536x1536":["https:\/\/orgamebo.nl\/wp-content\/uploads\/2024\/02\/header-5-1536x480.jpg",1536,480,true],"2048x2048":["https:\/\/orgamebo.nl\/wp-content\/uploads\/2024\/02\/header-5.jpg",1920,600,false]},"post_excerpt_stackable":"<p>Unsere Arbeitsweise Orgamebo sorgt daf\u00fcr, dass ausgesonderte Produkte wie Fehlernten und R\u00fcckst\u00e4nde aus der Biolandwirtschaft wie Pflanzenschalen und Pflanzenreste nicht einfach vernichtet, sondern wiederverwendet werden. Reststoffe gelten bei uns als vollwertige Rohstoffe. Der Ansatz eines solchen geschlossenen Kreislaufs in Kombination mit einer umweltvertr\u00e4glichen Arbeitsweise sorgt f\u00fcr den Verbrauch weniger fossiler Energie und weniger Emissionen umweltverschmutzender Stoffe und tr\u00e4gt damit zu einer nachhaltigeren Welt bei. Kontaktieren Sie uns Transport von R\u00fcckstandsfl\u00fcssen zu Bioverg\u00e4rungsanlagen Orgamebo liefert pflanzliche R\u00fcckstandsfl\u00fcsse. In Kapel-Avezaath wird der pflanzliche R\u00fcckstandsfluss wie Getreidemischungen produziert und zu Bioverg\u00e4rungsanlagen in den Niederlanden, in Belgien und Luxemburg transportiert. In den Bioverg\u00e4rungsanlagen wird&hellip;<\/p>\n","category_list":"","author_info":{"name":"mark","url":"https:\/\/orgamebo.nl\/de\/author\/mark\/"},"comments_num":"0 comments","featured_image_urls_v2":{"full":["https:\/\/orgamebo.nl\/wp-content\/uploads\/2024\/02\/header-5.jpg",1920,600,false],"thumbnail":["https:\/\/orgamebo.nl\/wp-content\/uploads\/2024\/02\/header-5-150x150.jpg",150,150,true],"medium":["https:\/\/orgamebo.nl\/wp-content\/uploads\/2024\/02\/header-5-300x94.jpg",300,94,true],"medium_large":["https:\/\/orgamebo.nl\/wp-content\/uploads\/2024\/02\/header-5-768x240.jpg",768,240,true],"large":["https:\/\/orgamebo.nl\/wp-content\/uploads\/2024\/02\/header-5-1024x320.jpg",1024,320,true],"1536x1536":["https:\/\/orgamebo.nl\/wp-content\/uploads\/2024\/02\/header-5-1536x480.jpg",1536,480,true],"2048x2048":["https:\/\/orgamebo.nl\/wp-content\/uploads\/2024\/02\/header-5.jpg",1920,600,false]},"post_excerpt_stackable_v2":"<p>Unsere Arbeitsweise Orgamebo sorgt daf\u00fcr, dass ausgesonderte Produkte wie Fehlernten und R\u00fcckst\u00e4nde aus der Biolandwirtschaft wie Pflanzenschalen und Pflanzenreste nicht einfach vernichtet, sondern wiederverwendet werden. Reststoffe gelten bei uns als vollwertige Rohstoffe. Der Ansatz eines solchen geschlossenen Kreislaufs in Kombination mit einer umweltvertr\u00e4glichen Arbeitsweise sorgt f\u00fcr den Verbrauch weniger fossiler Energie und weniger Emissionen umweltverschmutzender Stoffe und tr\u00e4gt damit zu einer nachhaltigeren Welt bei. Kontaktieren Sie uns Transport von R\u00fcckstandsfl\u00fcssen zu Bioverg\u00e4rungsanlagen Orgamebo liefert pflanzliche R\u00fcckstandsfl\u00fcsse. In Kapel-Avezaath wird der pflanzliche R\u00fcckstandsfluss wie Getreidemischungen produziert und zu Bioverg\u00e4rungsanlagen in den Niederlanden, in Belgien und Luxemburg transportiert. In den Bioverg\u00e4rungsanlagen wird&hellip;<\/p>\n","category_list_v2":"","author_info_v2":{"name":"mark","url":"https:\/\/orgamebo.nl\/de\/author\/mark\/"},"comments_num_v2":"0 comments","_links":{"self":[{"href":"https:\/\/orgamebo.nl\/de\/wp-json\/wp\/v2\/pages\/2987"}],"collection":[{"href":"https:\/\/orgamebo.nl\/de\/wp-json\/wp\/v2\/pages"}],"about":[{"href":"https:\/\/orgamebo.nl\/de\/wp-json\/wp\/v2\/types\/page"}],"author":[{"embeddable":true,"href":"https:\/\/orgamebo.nl\/de\/wp-json\/wp\/v2\/users\/4"}],"replies":[{"embeddable":true,"href":"https:\/\/orgamebo.nl\/de\/wp-json\/wp\/v2\/comments?post=2987"}],"version-history":[{"count":2,"href":"https:\/\/orgamebo.nl\/de\/wp-json\/wp\/v2\/pages\/2987\/revisions"}],"predecessor-version":[{"id":3016,"href":"https:\/\/orgamebo.nl\/de\/wp-json\/wp\/v2\/pages\/2987\/revisions\/3016"}],"wp:featuredmedia":[{"embeddable":true,"href":"https:\/\/orgamebo.nl\/de\/wp-json\/wp\/v2\/media\/2918"}],"wp:attachment":[{"href":"https:\/\/orgamebo.nl\/de\/wp-json\/wp\/v2\/media?parent=2987"}],"curies":[{"name":"wp","href":"https:\/\/api.w.org\/{rel}","templated":true}]}}