{"id":2985,"date":"2024-01-12T07:12:42","date_gmt":"2024-01-12T07:12:42","guid":{"rendered":"https:\/\/orgamebo.nl\/?page_id=2985"},"modified":"2024-03-26T13:44:25","modified_gmt":"2024-03-26T13:44:25","slug":"wer-sind-wir","status":"publish","type":"page","link":"https:\/\/orgamebo.nl\/de\/wer-sind-wir\/","title":{"rendered":"Wer sind wir"},"content":{"rendered":"\n<div class=\"wp-block-stackable-columns stk-block-columns stk-block stk-637d702\" data-block-id=\"637d702\"><style>.stk-637d702{margin-bottom:75px !important}<\/style><div class=\"stk-row stk-inner-blocks stk-block-content stk-content-align stk-637d702-column\">\n<div class=\"wp-block-stackable-column stk-block-column stk-column stk-block stk-126d362\" data-v=\"4\" data-block-id=\"126d362\"><style>.stk-126d362-container{margin-top:0px !important;margin-right:0px !important;margin-bottom:0px !important;margin-left:0px !important;max-width:67% !important;padding-top:50px !important}<\/style><div class=\"stk-column-wrapper stk-block-column__content stk-container stk-126d362-container stk--no-background stk--no-padding\"><div class=\"stk-block-content stk-inner-blocks stk-126d362-inner-blocks\"><h2 class=\"wp-block-post-title\">Wer sind wir<\/h2>\n\n\n<p class=\"has-palette-color-3-color has-text-color\" style=\"font-size:clamp(14.642px, 0.915rem + ((1vw - 3.2px) * 0.575), 22px);\">Orgamebo wurde 2002 als Tierhaltungsbetrieb unter Leitung von Willem Bos ins Leben gerufen. 2008 wechselte Orgamebo auf den Export organischer Bodenverbesserungsmittel \u00fcber. Wir handhaben eine <a href=\"https:\/\/orgamebo.nl\/de\/unsere-arbeitsweise\/\"><strong>Arbeitsweise<\/strong><\/a>, die einen geschlossenen Kreislauf darstellt und zu einer nachhaltigeren Welt beitr\u00e4gt.<\/p>\n\n\n\n<div class=\"wp-block-stackable-button-group stk-block-button-group stk-block stk-2738555\" data-block-id=\"2738555\"><div class=\"stk-row stk-inner-blocks has-text-align-left stk-block-content stk-button-group\">\n<div class=\"wp-block-stackable-button stk-block-button has-text-align-left stk-block stk-8b9a7ea\" data-block-id=\"8b9a7ea\"><style>.stk-8b9a7ea .stk-button{background:var(--theme-palette-color-4,#D79A2B) !important;border-top-left-radius:10px !important;border-top-right-radius:10px !important;border-bottom-right-radius:10px !important;border-bottom-left-radius:10px !important}.stk-8b9a7ea .stk-button__inner-text{font-size:18px !important;color:var(--theme-palette-color-5,#ffffff) !important;font-weight:700 !important}@media screen and (max-width:1023px){.stk-8b9a7ea .stk-button__inner-text{font-size:18px !important}}<\/style><a class=\"stk-link stk-button stk--hover-effect-darken\" href=\"https:\/\/orgamebo.nl\/de\/kontakt\/\"><span class=\"has-text-color has-palette-color-5-color stk-button__inner-text\">Kontaktieren Sie uns<\/span><span class=\"stk--svg-wrapper\"><div class=\"stk--inner-svg\"><svg aria-hidden=\"true\" focusable=\"false\" data-prefix=\"fas\" data-icon=\"arrow-right\" class=\"svg-inline--fa fa-arrow-right fa-w-14\" xmlns=\"http:\/\/www.w3.org\/2000\/svg\" viewBox=\"0 0 448 512\" width=\"32\" height=\"32\"><path fill=\"currentColor\" d=\"M190.5 66.9l22.2-22.2c9.4-9.4 24.6-9.4 33.9 0L441 239c9.4 9.4 9.4 24.6 0 33.9L246.6 467.3c-9.4 9.4-24.6 9.4-33.9 0l-22.2-22.2c-9.5-9.5-9.3-25 .4-34.3L311.4 296H24c-13.3 0-24-10.7-24-24v-32c0-13.3 10.7-24 24-24h287.4L190.9 101.2c-9.8-9.3-10-24.8-.4-34.3z\"><\/path><\/svg><\/div><\/span><\/a><\/div>\n<\/div><\/div>\n<\/div><\/div><\/div>\n<\/div><\/div>\n\n\n\n<div class=\"wp-block-stackable-columns stk-block-columns stk-block stk-dfefbed\" id=\"trading\" data-block-id=\"dfefbed\"><style>.stk-dfefbed .stk--block-align-dfefbed{align-items:center !important}.stk-dfefbed{align-items:center !important;display:flex !important}.stk-dfefbed-column{--stk-column-gap:30px !important}<\/style><div class=\"stk-row stk-inner-blocks stk--block-align-dfefbed stk-block-content stk-content-align stk-dfefbed-column\">\n<div class=\"wp-block-stackable-column stk-block-column stk-column stk-block stk-27586e9\" data-v=\"4\" data-block-id=\"27586e9\"><style>.stk-27586e9-container{margin-top:0px !important;margin-right:0px !important;margin-bottom:0px !important;margin-left:0px !important}<\/style><div class=\"stk-column-wrapper stk-block-column__content stk-container stk-27586e9-container stk--no-background stk--no-padding\"><div class=\"stk-block-content stk-inner-blocks stk-27586e9-inner-blocks\">\n<div class=\"wp-block-stackable-image stk-block-image stk-block stk-f4cdcd1\" data-block-id=\"f4cdcd1\"><style>.stk-f4cdcd1 .stk-img-wrapper{height:400px !important}.stk-f4cdcd1 .stk-img-wrapper img{border-radius:20px !important}<\/style><figure><span class=\"stk-img-wrapper stk-image--shape-stretch\"><img loading=\"lazy\" decoding=\"async\" class=\"stk-img wp-image-2520\" src=\"http:\/\/orgamebo.nl\/wp-content\/uploads\/2024\/02\/wie-zijn-wij-trading.jpg\" width=\"1080\" height=\"810\" srcset=\"https:\/\/orgamebo.nl\/wp-content\/uploads\/2024\/02\/wie-zijn-wij-trading.jpg 1080w, https:\/\/orgamebo.nl\/wp-content\/uploads\/2024\/02\/wie-zijn-wij-trading-300x225.jpg 300w, https:\/\/orgamebo.nl\/wp-content\/uploads\/2024\/02\/wie-zijn-wij-trading-1024x768.jpg 1024w, https:\/\/orgamebo.nl\/wp-content\/uploads\/2024\/02\/wie-zijn-wij-trading-768x576.jpg 768w\" sizes=\"(max-width: 1080px) 100vw, 1080px\" \/><\/span><\/figure><\/div>\n<\/div><\/div><\/div>\n\n\n\n<div class=\"wp-block-stackable-column stk-block-column stk-column stk-block stk-f1a8a09\" data-v=\"4\" data-block-id=\"f1a8a09\"><style>.stk-f1a8a09-container{padding-right:100px !important;padding-left:0px !important}<\/style><div class=\"stk-column-wrapper stk-block-column__content stk-container stk-f1a8a09-container stk--no-background stk--no-padding\"><div class=\"stk-block-content stk-inner-blocks stk-f1a8a09-inner-blocks\">\n<p class=\"has-palette-color-4-color has-text-color\" style=\"font-size:clamp(14.642px, 0.915rem + ((1vw - 3.2px) * 0.575), 22px);\"><strong>Trading<\/strong><\/p>\n\n\n\n<p style=\"font-size:clamp(14px, 0.875rem + ((1vw - 3.2px) * 0.313), 18px);\">Orgamebo spielt die zentrale Rolle im Kreislauf organischer Bodenverbesserungsmittel. Wir transportieren die R\u00fcckstandsfl\u00fcsse aus der Tierhaltung direkt zu den Bioverg\u00e4rungsanlagen und bilden damit die Br\u00fccke zwischen diesen Anlagen und den Abnehmern von G\u00e4rr\u00fcckst\u00e4nden in Deutschland, Frankreich und Polen. Dank unserer schnellen Kommunikation k\u00f6nnen wir auf effiziente Weise arbeiten.<\/p>\n<\/div><\/div><\/div>\n<\/div><\/div>\n\n\n\n<div class=\"wp-block-stackable-columns stk-block-columns stk-block stk-46be493\" id=\"logistiek\" data-block-id=\"46be493\"><style>.stk-46be493 .stk--block-align-46be493{align-items:center !important}.stk-46be493{align-items:center !important;display:flex !important}.stk-46be493-column{--stk-column-gap:30px !important}<\/style><div class=\"stk-row stk-inner-blocks stk--block-align-46be493 stk-block-content stk-content-align stk-46be493-column\">\n<div class=\"wp-block-stackable-column stk-block-column stk-column stk-block stk-680d311\" data-v=\"4\" data-block-id=\"680d311\"><style>.stk-680d311-container{margin-top:0px !important;margin-right:0px !important;margin-bottom:0px !important;margin-left:0px !important;padding-right:100px !important}<\/style><div class=\"stk-column-wrapper stk-block-column__content stk-container stk-680d311-container stk--no-background stk--no-padding\"><div class=\"stk-block-content stk-inner-blocks stk-680d311-inner-blocks\">\n<p class=\"has-palette-color-4-color has-text-color\" style=\"font-size:clamp(14.642px, 0.915rem + ((1vw - 3.2px) * 0.575), 22px);\"><strong><strong>Logistik<\/strong><\/strong><\/p>\n\n\n\n<p style=\"font-size:clamp(14px, 0.875rem + ((1vw - 3.2px) * 0.313), 18px);\">Orgamebo f\u00fchrt den Transport selbst durch. Mit ungef\u00e4hr zehn betriebseigenen festen Fahrern und dar\u00fcber hinaus 15 externen Fahrern gew\u00e4hrleisten wir jederzeit Qualit\u00e4t und Quantit\u00e4t. Wir arbeiten effizient und punktuell. Unser erfahrenes Logistikteam sorgt jederzeit f\u00fcr einen reibungslosen Lade- und L\u00f6schvorgang.<\/p>\n<\/div><\/div><\/div>\n\n\n\n<div class=\"wp-block-stackable-column stk-block-column stk-column stk-block stk-e6dd052\" data-v=\"4\" data-block-id=\"e6dd052\"><style>.stk-e6dd052-container{margin-top:0px !important;margin-right:0px !important;margin-bottom:0px !important;margin-left:0px !important}<\/style><div class=\"stk-column-wrapper stk-block-column__content stk-container stk-e6dd052-container stk--no-background stk--no-padding\"><div class=\"stk-block-content stk-inner-blocks stk-e6dd052-inner-blocks\">\n<div class=\"wp-block-stackable-image stk-block-image stk-block stk-8f1722f\" data-block-id=\"8f1722f\"><style>.stk-8f1722f .stk-img-wrapper{height:400px !important}.stk-8f1722f .stk-img-wrapper img{border-radius:20px !important}<\/style><figure><span class=\"stk-img-wrapper stk-image--shape-stretch\"><img loading=\"lazy\" decoding=\"async\" class=\"stk-img wp-image-2522\" src=\"http:\/\/orgamebo.nl\/wp-content\/uploads\/2024\/02\/wie-zijn-wij-logistiek.jpg\" width=\"1080\" height=\"608\" srcset=\"https:\/\/orgamebo.nl\/wp-content\/uploads\/2024\/02\/wie-zijn-wij-logistiek.jpg 1080w, https:\/\/orgamebo.nl\/wp-content\/uploads\/2024\/02\/wie-zijn-wij-logistiek-300x169.jpg 300w, https:\/\/orgamebo.nl\/wp-content\/uploads\/2024\/02\/wie-zijn-wij-logistiek-1024x576.jpg 1024w, https:\/\/orgamebo.nl\/wp-content\/uploads\/2024\/02\/wie-zijn-wij-logistiek-768x432.jpg 768w\" sizes=\"(max-width: 1080px) 100vw, 1080px\" \/><\/span><\/figure><\/div>\n<\/div><\/div><\/div>\n<\/div><\/div>\n\n\n\n<div class=\"wp-block-stackable-columns stk-block-columns stk-block stk-dbbf8d8\" id=\"vestigingen\" data-block-id=\"dbbf8d8\"><style>.stk-dbbf8d8 .stk--block-align-dbbf8d8{align-items:center !important}.stk-dbbf8d8{align-items:center !important;display:flex !important}.stk-dbbf8d8-column{--stk-column-gap:30px !important}<\/style><div class=\"stk-row stk-inner-blocks stk--block-align-dbbf8d8 stk-block-content stk-content-align stk-dbbf8d8-column\">\n<div class=\"wp-block-stackable-column stk-block-column stk-column stk-block stk-f09292a\" data-v=\"4\" data-block-id=\"f09292a\"><style>.stk-f09292a-container{margin-top:0px !important;margin-right:0px !important;margin-bottom:0px !important;margin-left:0px !important}<\/style><div class=\"stk-column-wrapper stk-block-column__content stk-container stk-f09292a-container stk--no-background stk--no-padding\"><div class=\"stk-block-content stk-inner-blocks stk-f09292a-inner-blocks\">\n<div class=\"wp-block-stackable-image stk-block-image stk-block stk-d2b8cdf\" data-block-id=\"d2b8cdf\"><style>.stk-d2b8cdf .stk-img-wrapper{height:400px !important}.stk-d2b8cdf .stk-img-wrapper img{border-radius:20px !important}<\/style><figure><span class=\"stk-img-wrapper stk-image--shape-stretch\"><img loading=\"lazy\" decoding=\"async\" class=\"stk-img wp-image-2534\" src=\"http:\/\/orgamebo.nl\/wp-content\/uploads\/2024\/02\/wie-zijn-wij-vestiging.jpg\" width=\"1080\" height=\"608\" srcset=\"https:\/\/orgamebo.nl\/wp-content\/uploads\/2024\/02\/wie-zijn-wij-vestiging.jpg 1080w, https:\/\/orgamebo.nl\/wp-content\/uploads\/2024\/02\/wie-zijn-wij-vestiging-300x169.jpg 300w, https:\/\/orgamebo.nl\/wp-content\/uploads\/2024\/02\/wie-zijn-wij-vestiging-1024x576.jpg 1024w, https:\/\/orgamebo.nl\/wp-content\/uploads\/2024\/02\/wie-zijn-wij-vestiging-768x432.jpg 768w\" sizes=\"(max-width: 1080px) 100vw, 1080px\" \/><\/span><\/figure><\/div>\n<\/div><\/div><\/div>\n\n\n\n<div class=\"wp-block-stackable-column stk-block-column stk-column stk-block stk-d3ccec9\" data-v=\"4\" data-block-id=\"d3ccec9\"><style>.stk-d3ccec9-container{padding-right:100px !important;padding-left:0px !important}<\/style><div class=\"stk-column-wrapper stk-block-column__content stk-container stk-d3ccec9-container stk--no-background stk--no-padding\"><div class=\"stk-block-content stk-inner-blocks stk-d3ccec9-inner-blocks\">\n<p class=\"has-palette-color-4-color has-text-color\" style=\"font-size:clamp(14.642px, 0.915rem + ((1vw - 3.2px) * 0.575), 22px);\"><strong><strong>Niederlassungen<\/strong><\/strong><\/p>\n\n\n\n<p style=\"font-size:clamp(14px, 0.875rem + ((1vw - 3.2px) * 0.313), 18px);\">Unser Hauptgesch\u00e4ftssitz befindet sich in der niederl\u00e4ndischen Betuwe in Kapel-Avezaath bei Tiel, zudem haben wir eine weitere Niederlassung im deutschen Sohren (Rheinland-Pfalz). Au\u00dferdem arbeiten wir mit verl\u00e4sslichen Handelspartnern in Frankreich, Belgien und Polen zusammen. Mit unserem umfangreichen europ\u00e4ischen Logistiknetz k\u00f6nnen wir in einem geschlossenen Kreislauf arbeiten.<\/p>\n<\/div><\/div><\/div>\n<\/div><\/div>\n","protected":false},"excerpt":{"rendered":"<p>Orgamebo wurde 2002 als Tierhaltungsbetrieb unter Leitung von Willem Bos ins Leben gerufen. 2008 wechselte Orgamebo auf den Export organischer Bodenverbesserungsmittel \u00fcber. Wir handhaben eine Arbeitsweise, die einen geschlossenen Kreislauf darstellt und zu einer nachhaltigeren Welt beitr\u00e4gt. Kontaktieren Sie uns Trading Orgamebo spielt die zentrale Rolle im Kreislauf organischer Bodenverbesserungsmittel. Wir transportieren die R\u00fcckstandsfl\u00fcsse aus [&hellip;]<\/p>\n","protected":false},"author":4,"featured_media":2908,"parent":0,"menu_order":0,"comment_status":"closed","ping_status":"closed","template":"","meta":{"footnotes":""},"blocksy_meta":{"styles_descriptor":{"styles":{"desktop":"","tablet":"","mobile":""},"google_fonts":[],"version":6},"page_title_panel":"","has_hero_section":"default","59ade5797df1f3b0cc4dfe4b4afd7e6b":"","hero_section":"type-1","hero_elements":[{"id":"custom_title","enabled":false,"heading_tag":"h1","title":"Home","__id":"Tz74fmWXieW60Oc3QqokI"},{"id":"custom_description","enabled":false,"description_visibility":{"desktop":true,"tablet":true,"mobile":false},"__id":"jIqB7wd_pdYECkH1fEvBn"},{"id":"custom_meta","enabled":false,"meta_elements":[{"id":"author","enabled":true,"label":"Door","has_author_avatar":"yes","avatar_size":25},{"id":"post_date","enabled":true,"label":"Op","date_format_source":"default","date_format":"M j, Y"},{"id":"updated_date","enabled":false,"label":"Op","date_format_source":"default","date_format":"M j, Y"},{"id":"categories","enabled":false,"label":"In","style":"simple"},{"id":"comments","enabled":true}],"page_meta_elements":{"joined":true,"articles_count":true,"comments":true},"__id":"Xjx-Ey3yTRtit428hoLoP"},{"id":"breadcrumbs","enabled":true,"__id":"0kyyMUbqORvaR5YWzNRg3"}],"4a3d7f1e60ec5708975e97f29c276ce0":"","hero_alignment1":"CT_CSS_SKIP_RULE","hero_margin":40,"hero_alignment2":"center","hero_vertical_alignment":"center","fe9ad131e873c98b19077db760833de6":"","hero_structure":"normal","575e13e46320e66838eb75dd2e81dc0f":"","page_title_bg_type":"featured_image","custom_hero_background":{"attachment_id":2152,"url":"http:\/\/orgamebo.nl\/wp-content\/uploads\/2022\/02\/2012-12-18-083.520x0.jpg"},"page_title_image_size":"full","parallax":{"desktop":false,"tablet":false,"mobile":false},"a7df5178c6d1facf6a4e24c1c497d551":"","hero_height":"250px","pageTitleFont":{"family":"Default","variation":"Default","size":"30px","line-height":"CT_CSS_SKIP_RULE","letter-spacing":"CT_CSS_SKIP_RULE","text-transform":"CT_CSS_SKIP_RULE","text-decoration":"CT_CSS_SKIP_RULE"},"pageTitleFontColor":{"default":{"color":"CT_CSS_SKIP_RULEDEFAULT"}},"pageMetaFont":{"family":"Default","variation":"n6","size":"12px","line-height":"1.3","letter-spacing":"CT_CSS_SKIP_RULE","text-transform":"uppercase","text-decoration":"CT_CSS_SKIP_RULE"},"pageMetaFontColor":{"default":{"color":"CT_CSS_SKIP_RULEDEFAULT"},"hover":{"color":"CT_CSS_SKIP_RULEDEFAULT"}},"page_meta_button_type_font_colors":{"default":{"color":"CT_CSS_SKIP_RULEDEFAULT"},"hover":{"color":"CT_CSS_SKIP_RULEDEFAULT"}},"page_meta_button_type_background_colors":{"default":{"color":"CT_CSS_SKIP_RULEDEFAULT"},"hover":{"color":"CT_CSS_SKIP_RULEDEFAULT"}},"pageExcerptFont":{"family":"Default","variation":"Default","size":"CT_CSS_SKIP_RULE","line-height":"CT_CSS_SKIP_RULE","letter-spacing":"CT_CSS_SKIP_RULE","text-transform":"CT_CSS_SKIP_RULE","text-decoration":"CT_CSS_SKIP_RULE"},"pageExcerptColor":{"default":{"color":"CT_CSS_SKIP_RULEDEFAULT"}},"breadcrumbsFont":{"family":"Default","variation":"Default","size":"CT_CSS_SKIP_RULE","line-height":"CT_CSS_SKIP_RULE","letter-spacing":"CT_CSS_SKIP_RULE","text-transform":"CT_CSS_SKIP_RULE","text-decoration":"CT_CSS_SKIP_RULE"},"breadcrumbsFontColor":{"default":{"color":"CT_CSS_SKIP_RULEDEFAULT"},"initial":{"color":"CT_CSS_SKIP_RULEDEFAULT"},"hover":{"color":"CT_CSS_SKIP_RULEDEFAULT"}},"pageTitleOverlay":{"background_type":"color","background_pattern":"type-1","background_image":{"attachment_id":null,"x":0,"y":0},"gradient":"linear-gradient(135deg,rgba(6,147,227,1) 0%,rgb(155,81,224) 100%)","background_repeat":"repeat","background_size":"auto","background_attachment":"scroll","patternColor":{"default":{"color":"#e5e7ea"}},"overlayColor":{"default":{"color":"CT_CSS_SKIP_RULE"}},"backgroundColor":{"default":{"color":"CT_CSS_SKIP_RULE"}}},"pageTitleBackground":{"background_type":"color","background_pattern":"type-1","background_image":{"attachment_id":null,"x":0,"y":0},"gradient":"linear-gradient(135deg,rgba(6,147,227,1) 0%,rgb(155,81,224) 100%)","background_repeat":"repeat","background_size":"auto","background_attachment":"scroll","patternColor":{"default":{"color":"#e5e7ea"}},"overlayColor":{"default":{"color":"CT_CSS_SKIP_RULE"}},"backgroundColor":{"default":{"color":"var(--theme-palette-color-6)"}}},"pageTitlePadding":{"top":"50px","bottom":"50px","left":"auto","right":"auto","linked":true},"a98536ddba38285a774ca9bf58d19323":"","page_structure_type":"default","e253e017af04a483ac078e03b2cc6c23":"","content_style_source":"inherit","content_style":"wide","vertical_spacing_source":"inherit","content_area_spacing":"both","background":{"background_type":"color","background_pattern":"type-1","background_image":{"attachment_id":null,"x":0,"y":0},"gradient":"linear-gradient(135deg,rgba(6,147,227,1) 0%,rgb(155,81,224) 100%)","background_repeat":"repeat","background_size":"auto","background_attachment":"scroll","patternColor":{"default":{"color":"#e5e7ea"}},"overlayColor":{"default":{"color":"CT_CSS_SKIP_RULE"}},"backgroundColor":{"default":{"color":"CT_CSS_SKIP_RULE"}}},"content_background":{"background_type":"color","background_pattern":"type-1","background_image":{"attachment_id":null,"x":0,"y":0},"gradient":"linear-gradient(135deg,rgba(6,147,227,1) 0%,rgb(155,81,224) 100%)","background_repeat":"repeat","background_size":"auto","background_attachment":"scroll","patternColor":{"default":{"color":"#e5e7ea"}},"overlayColor":{"default":{"color":"CT_CSS_SKIP_RULE"}},"backgroundColor":{"default":{"color":"var(--theme-palette-color-8)"}}},"content_boxed_shadow":{"inherit":false,"blur":18,"spread":-6,"v_offset":12,"h_offset":0,"inset":false,"enable":true,"color":{"color":"rgba(34, 56, 101, 0.04)"}},"boxed_content_spacing":{"desktop":{"top":"40px","bottom":"40px","left":"40px","right":"40px","linked":true},"tablet":{"top":"35px","bottom":"35px","left":"35px","right":"35px","linked":true},"mobile":{"top":"20px","bottom":"20px","left":"20px","right":"20px","linked":true}},"content_boxed_radius":{"top":"3px","bottom":"3px","left":"3px","right":"3px","linked":true},"df5e009966330893ab6a0998c7f85cb4":"","disable_featured_image":"yes","disable_share_box":"no","disable_header":"no","disable_footer":"no","ec2610a64c1ea5ef4d572d00e46c3587":"","38664c1c1e7e5816735017693c5dddc6":"","c6aa92e7d3a064ff03b5dde8e171bc9d":"","9ae217373b9404759aac58bf5a8f87c8":"","33bb19e68e71e4cb2a7c1e6bcf1cfcaf":"","a604a26dfb06921eef45ca9fced587e8":"","4df8dc01bf6d226185fd232cbe1fd079":"","0161f7463846fb5751d6d7c6c3ad73d4":""},"featured_image_urls":{"full":["https:\/\/orgamebo.nl\/wp-content\/uploads\/2024\/02\/header-7.jpg",1920,600,false],"thumbnail":["https:\/\/orgamebo.nl\/wp-content\/uploads\/2024\/02\/header-7-150x150.jpg",150,150,true],"medium":["https:\/\/orgamebo.nl\/wp-content\/uploads\/2024\/02\/header-7-300x94.jpg",300,94,true],"medium_large":["https:\/\/orgamebo.nl\/wp-content\/uploads\/2024\/02\/header-7-768x240.jpg",768,240,true],"large":["https:\/\/orgamebo.nl\/wp-content\/uploads\/2024\/02\/header-7-1024x320.jpg",1024,320,true],"1536x1536":["https:\/\/orgamebo.nl\/wp-content\/uploads\/2024\/02\/header-7-1536x480.jpg",1536,480,true],"2048x2048":["https:\/\/orgamebo.nl\/wp-content\/uploads\/2024\/02\/header-7.jpg",1920,600,false]},"post_excerpt_stackable":"<p>Wer sind wir Orgamebo wurde 2002 als Tierhaltungsbetrieb unter Leitung von Willem Bos ins Leben gerufen. 2008 wechselte Orgamebo auf den Export organischer Bodenverbesserungsmittel \u00fcber. Wir handhaben eine Arbeitsweise, die einen geschlossenen Kreislauf darstellt und zu einer nachhaltigeren Welt beitr\u00e4gt. Kontaktieren Sie uns Trading Orgamebo spielt die zentrale Rolle im Kreislauf organischer Bodenverbesserungsmittel. Wir transportieren die R\u00fcckstandsfl\u00fcsse aus der Tierhaltung direkt zu den Bioverg\u00e4rungsanlagen und bilden damit die Br\u00fccke zwischen diesen Anlagen und den Abnehmern von G\u00e4rr\u00fcckst\u00e4nden in Deutschland, Frankreich und Polen. Dank unserer schnellen Kommunikation k\u00f6nnen wir auf effiziente Weise arbeiten. Logistik Orgamebo f\u00fchrt den Transport selbst durch. Mit&hellip;<\/p>\n","category_list":"","author_info":{"name":"mark","url":"https:\/\/orgamebo.nl\/de\/author\/mark\/"},"comments_num":"0 comments","featured_image_urls_v2":{"full":["https:\/\/orgamebo.nl\/wp-content\/uploads\/2024\/02\/header-7.jpg",1920,600,false],"thumbnail":["https:\/\/orgamebo.nl\/wp-content\/uploads\/2024\/02\/header-7-150x150.jpg",150,150,true],"medium":["https:\/\/orgamebo.nl\/wp-content\/uploads\/2024\/02\/header-7-300x94.jpg",300,94,true],"medium_large":["https:\/\/orgamebo.nl\/wp-content\/uploads\/2024\/02\/header-7-768x240.jpg",768,240,true],"large":["https:\/\/orgamebo.nl\/wp-content\/uploads\/2024\/02\/header-7-1024x320.jpg",1024,320,true],"1536x1536":["https:\/\/orgamebo.nl\/wp-content\/uploads\/2024\/02\/header-7-1536x480.jpg",1536,480,true],"2048x2048":["https:\/\/orgamebo.nl\/wp-content\/uploads\/2024\/02\/header-7.jpg",1920,600,false]},"post_excerpt_stackable_v2":"<p>Wer sind wir Orgamebo wurde 2002 als Tierhaltungsbetrieb unter Leitung von Willem Bos ins Leben gerufen. 2008 wechselte Orgamebo auf den Export organischer Bodenverbesserungsmittel \u00fcber. Wir handhaben eine Arbeitsweise, die einen geschlossenen Kreislauf darstellt und zu einer nachhaltigeren Welt beitr\u00e4gt. Kontaktieren Sie uns Trading Orgamebo spielt die zentrale Rolle im Kreislauf organischer Bodenverbesserungsmittel. Wir transportieren die R\u00fcckstandsfl\u00fcsse aus der Tierhaltung direkt zu den Bioverg\u00e4rungsanlagen und bilden damit die Br\u00fccke zwischen diesen Anlagen und den Abnehmern von G\u00e4rr\u00fcckst\u00e4nden in Deutschland, Frankreich und Polen. Dank unserer schnellen Kommunikation k\u00f6nnen wir auf effiziente Weise arbeiten. Logistik Orgamebo f\u00fchrt den Transport selbst durch. Mit&hellip;<\/p>\n","category_list_v2":"","author_info_v2":{"name":"mark","url":"https:\/\/orgamebo.nl\/de\/author\/mark\/"},"comments_num_v2":"0 comments","_links":{"self":[{"href":"https:\/\/orgamebo.nl\/de\/wp-json\/wp\/v2\/pages\/2985"}],"collection":[{"href":"https:\/\/orgamebo.nl\/de\/wp-json\/wp\/v2\/pages"}],"about":[{"href":"https:\/\/orgamebo.nl\/de\/wp-json\/wp\/v2\/types\/page"}],"author":[{"embeddable":true,"href":"https:\/\/orgamebo.nl\/de\/wp-json\/wp\/v2\/users\/4"}],"replies":[{"embeddable":true,"href":"https:\/\/orgamebo.nl\/de\/wp-json\/wp\/v2\/comments?post=2985"}],"version-history":[{"count":3,"href":"https:\/\/orgamebo.nl\/de\/wp-json\/wp\/v2\/pages\/2985\/revisions"}],"predecessor-version":[{"id":3021,"href":"https:\/\/orgamebo.nl\/de\/wp-json\/wp\/v2\/pages\/2985\/revisions\/3021"}],"wp:featuredmedia":[{"embeddable":true,"href":"https:\/\/orgamebo.nl\/de\/wp-json\/wp\/v2\/media\/2908"}],"wp:attachment":[{"href":"https:\/\/orgamebo.nl\/de\/wp-json\/wp\/v2\/media?parent=2985"}],"curies":[{"name":"wp","href":"https:\/\/api.w.org\/{rel}","templated":true}]}}